{"id":5979,"date":"2022-07-20T13:44:35","date_gmt":"2022-07-20T12:44:35","guid":{"rendered":"http:\/\/deler1857.com\/politica-de-privacidad\/"},"modified":"2022-09-17T15:44:22","modified_gmt":"2022-09-17T14:44:22","slug":"politica-de-privacidad","status":"publish","type":"page","link":"https:\/\/deler1857.com\/es\/politica-de-privacidad\/","title":{"rendered":"Pol\u00edtica de privacidad"},"content":{"rendered":"\t\t<div data-elementor-type=\"wp-page\" data-elementor-id=\"5979\" class=\"elementor elementor-5979 elementor-5913\">\n\t\t\t\t\t\t<section class=\"elementor-section elementor-top-section elementor-element elementor-element-f704fb5 elementor-section-boxed elementor-section-height-default elementor-section-height-default\" data-id=\"f704fb5\" data-element_type=\"section\">\n\t\t\t\t\t\t<div class=\"elementor-container elementor-column-gap-default\">\n\t\t\t\t\t<div class=\"elementor-column elementor-col-16 elementor-top-column elementor-element elementor-element-f9b2ccb\" data-id=\"f9b2ccb\" data-element_type=\"column\">\n\t\t\t<div class=\"elementor-widget-wrap\">\n\t\t\t\t\t\t\t<\/div>\n\t\t<\/div>\n\t\t\t\t<div class=\"elementor-column elementor-col-66 elementor-top-column elementor-element elementor-element-9a32192\" data-id=\"9a32192\" data-element_type=\"column\">\n\t\t\t<div class=\"elementor-widget-wrap elementor-element-populated\">\n\t\t\t\t\t\t<div class=\"elementor-element elementor-element-79bf1071 elementor-widget elementor-widget-text-editor\" data-id=\"79bf1071\" data-element_type=\"widget\" data-widget_type=\"text-editor.default\">\n\t\t\t\t<div class=\"elementor-widget-container\">\n\t\t\t\t\t\t\t<div class=\"elementor-text-editor elementor-clearfix\"><h2>Qui\u00e9nes somos<\/h2>\n<p>Nuestra direcci\u00f3n web es: http:\/\/deler1857.com<\/p>\n<p>Nuestros datos:<br>\n<span style=\"font-family: Helvetica, sans-serif;\"><i>Braulio el Xef, SL<\/i><\/span><br>\n<i style=\"font-size: 1rem; font-family: Helvetica, sans-serif;\">B-25860727<\/i><br>\n<i style=\"font-size: 1rem; font-family: Helvetica, sans-serif;\">C. Bonaventura Tarrado, 9.<\/i><br>\n<i style=\"font-size: 1rem; font-family: Helvetica, sans-serif;\">25560 Sort-Lleida<\/i><\/p>\n<h2>Cookies<\/h2>\n<p>Para el uso de algunas funcionalidades de la web es necesaria la utilizaci\u00f3n de cookies.<\/p>\n<p>Las cookies se usan para a\u00f1adir productos a la cesta y as\u00ed poder realizar la compra. Tambi\u00e9n se utilizan para personalizar la navegaci\u00f3n de cada usuario. Si usted lo desea, puede configurar su navegador para ser avisado en pantalla de la recepci\u00f3n de cookies y para impedir la instalaci\u00f3n de estas en su disco duro. Por favor, consulte las instrucciones de su navegador para ampliar esta informaci\u00f3n.<\/p>\n<p>Si tiene una cuenta e inicia sesi\u00f3n en esta p\u00e1gina web, se definir\u00e1 una cookie temporal para determinar si el navegador acepta cookies. Esta cookie no contiene datos personales y se descartar\u00e1 cuando cierre el navegador.<\/p>\n<p>Cuando inicie sesi\u00f3n, tambi\u00e9n se configurar\u00e1n varias cookies para guardar la informaci\u00f3n de inicio de sesi\u00f3n y las opciones de visualizaci\u00f3n de la pantalla. Las galletas de inicio de sesi\u00f3n duran dos d\u00edas y las cookies de las opciones de pantalla duran un a\u00f1o. Si selecciona \u00abRecuerda\u00bb, el inicio de sesi\u00f3n persistir\u00e1 durante dos semanas. Si finaliza la sesi\u00f3n, las cookies de inicio de sesi\u00f3n ser\u00e1n suprimidas.<\/p>\n<h2>\u00bfCon qui\u00e9n compartimos sus datos?<\/h2>\n<p>Si solicita un reinicio de contrase\u00f1a, la direcci\u00f3n UP se incluir\u00e1 en el correo electr\u00f3nico de reinicializaci\u00f3n.<\/p>\n<h2>\u00bfCu\u00e1nto tiempo retenemos los datos?<\/h2>\n<p>Para los usuarios que se registran en la web, por los pedidos, tambi\u00e9n almacenamos la informaci\u00f3n personal que proporcionan a su perfil de usuario. Todos los usuarios pueden ver, editar o suprimir su informaci\u00f3n personal en cualquier momento (salvo que no pueden cambiar su nombre de usuario). Los administradores de la p\u00e1gina web pueden tambi\u00e9n editar esta informaci\u00f3n.<\/p>\n<h2>\u00bfQu\u00e9 derechos tiene sobre sus datos?<\/h2>\n<p>Si tiene una cuenta en este sitio web, puede solicitar que le enviemos un archivo de exportaci\u00f3n de sus datos personales, incluyendo todos los datos que nos haya proporcionado. Tambi\u00e9n puede pedir que borremos cualquier dato personal que tengamos. Esto no incluye los datos que estemos obligados a conservar con prop\u00f3sitos administrativos, legales o de seguridad.<\/p>\n<h2>\u00bfD\u00f3nde se env\u00edan sus datos?<\/h2>\n<p>Los comentarios de los visitantes deben ser comprobados mediante un servicio de detecci\u00f3n de basura automatizado.<\/p>\n<h2>WPLM (conector de traducciones)<\/h2>\n<p>WPML utiliza cookies para identificar la lengua actual del visitante, la \u00faltima lengua visitada y la lengua de los usuarios que han iniciado la sesi\u00f3n.<\/p>\n<p>Mientras utilizamos el complemento, WPML compartir\u00e1 datos relativos al sitio a trav\u00e9s del Instalador. No se compartir\u00e1n datos del usuario.<\/p>\n<h2>\u00bfQu\u00e9 recogemos y almacenamos?<\/h2>\n<p>Recogemos informaci\u00f3n sobre usted durante el proceso de finalizaci\u00f3n de la compra en la tienda.<\/p>\n<p>Mientras visite la web, haremos seguimiento de:<\/p>\n<p>Productos que ha visto: utilizaremos esto para, por ejemplo, para mostrarle productos que ha visto recientemente.<\/p>\n<p>Ubicaci\u00f3n, direcci\u00f3n IP y tipos de navegador: usaremos esto para prop\u00f3sitos tales como estimar impuestos y costes de env\u00edo.<\/p>\n<p>Direcci\u00f3n de env\u00edo: le pediremos que proporcione esto para que podamos, por ejemplo, estimar el coste del env\u00edo antes de realizar un pedido, y enviarle el pedido!<\/p>\n<p>Tambi\u00e9n haremos uso de cookies para realizar el seguimiento de los contenidos de la cesta mientras navega por el sitio.<\/p>\n<p>Cuando nos compre algo, le pedimos que proporcione informaci\u00f3n suya que incluye el nombre, la direcci\u00f3n de facturaci\u00f3n, la direcci\u00f3n de env\u00edo, la direcci\u00f3n electr\u00f3nica, el n\u00famero de tel\u00e9fono, los detalles de la tarjeta de cr\u00e9dito\/pago e informaci\u00f3n opcional como el nombre de usuario y la contrase\u00f1a. Utilizaremos esta informaci\u00f3n para prop\u00f3sitos como:<\/p>\n<ul>\n<li>El env\u00edo de la informaci\u00f3n sobre la cuenta y pedido.<\/li>\n<li>La respuesta a las solicitudes, incluidos reembolsos y reclamaciones.<\/li>\n<li>El procesamiento de pagos y la evitaci\u00f3n del fraude.<\/li>\n<li>La configuraci\u00f3n de la cuenta de la tienda.<\/li>\n<li>El cumplimiento de cualquier obligaci\u00f3n legal que tengamos, tales como el c\u00e1lculo de los impuestos.<\/li>\n<li>La mejora de las ofertas de la tienda.<\/li>\n<li>Si crea una cuenta, almacenaremos su nombre, direcci\u00f3n, correo electr\u00f3nico y n\u00famero de tel\u00e9fono, que utilizaremos para el proceso de pago y futuros pedidos.<\/li>\n<\/ul>\n<p>Normalmente, almacenamos informaci\u00f3n sobre el usuario durante el tiempo que la necesitamos para los prop\u00f3sitos por los que la recopilamos y usamos, y no estamos legalmente obligados a mantenerla. Por ejemplo, almacenaremos informaci\u00f3n de los pedidos durante XXX a\u00f1os para prop\u00f3sitos de impuestos y contabilidad. Esto incluye el nombre, direcci\u00f3n de correo electr\u00f3nico y direcciones de facturaci\u00f3n y env\u00edo.<\/p>\n<h2>\u00bfQui\u00e9n del equipo tiene acceso?<\/h2>\n<p>Los miembros del equipo tienen acceso a la informaci\u00f3n que nos proporcione.<br>\nPor ejemplo, los administradores y gestores de tienda pueden acceder a:<\/p>\n<ul>\n<li>La informaci\u00f3n de los pedidos, tales como, qu\u00e9 se compr\u00f3, cu\u00e1ndo se compr\u00f3 y d\u00f3nde deber\u00eda enviarse.<\/li>\n<li>La informaci\u00f3n de cliente, tales como el nombre, la direcci\u00f3n de correo electr\u00f3nico, y la informaci\u00f3n de facturaci\u00f3n y env\u00edo.<\/li>\n<li>Los miembros del equipo tienen acceso a esta informaci\u00f3n para ayudar a tramitar pedidos, procesar reembolsos y apoyarles.<\/li>\n<\/ul><\/div>\n\t\t\t\t\t\t<\/div>\n\t\t\t\t<\/div>\n\t\t\t\t\t<\/div>\n\t\t<\/div>\n\t\t\t\t<div class=\"elementor-column elementor-col-16 elementor-top-column elementor-element elementor-element-7ea36e3\" data-id=\"7ea36e3\" data-element_type=\"column\">\n\t\t\t<div class=\"elementor-widget-wrap\">\n\t\t\t\t\t\t\t<\/div>\n\t\t<\/div>\n\t\t\t\t\t<\/div>\n\t\t<\/section>\n\t\t\t\t<\/div>\n\t\t","protected":false},"excerpt":{"rendered":"<p>Qui\u00e9nes somos Nuestra direcci\u00f3n web es: http:\/\/deler1857.com Nuestros datos: Braulio el Xef, SL B-25860727 C. Bonaventura Tarrado, 9. 25560 Sort-Lleida Cookies Para el uso de algunas funcionalidades de la web es necesaria la utilizaci\u00f3n de cookies. Las cookies se usan para a\u00f1adir productos a la cesta y as\u00ed poder realizar la compra. Tambi\u00e9n se utilizan &hellip; <\/p>\n<p class=\"link-more\"><a href=\"https:\/\/deler1857.com\/es\/politica-de-privacidad\/\" class=\"more-link\">Read More <span class=\"screen-reader-text\"> \u00abPol\u00edtica de privacidad\u00bb<\/span><\/a><\/p>\n","protected":false},"author":3,"featured_media":0,"parent":0,"menu_order":0,"comment_status":"closed","ping_status":"closed","template":"elementor_header_footer","meta":{"footnotes":""},"class_list":["post-5979","page","type-page","status-publish","hentry"],"yoast_head":"<!-- This site is optimized with the Yoast SEO plugin v25.6 - https:\/\/yoast.com\/wordpress\/plugins\/seo\/ -->\n<title>Pol\u00edtica de privacidad - Deler1857 | Pastisseria Artesanal<\/title>\n<meta name=\"robots\" content=\"index, follow, max-snippet:-1, max-image-preview:large, max-video-preview:-1\" \/>\n<link rel=\"canonical\" href=\"https:\/\/deler1857.com\/es\/politica-de-privacidad\/\" \/>\n<meta property=\"og:locale\" content=\"es_ES\" \/>\n<meta property=\"og:type\" content=\"article\" \/>\n<meta property=\"og:title\" content=\"Pol\u00edtica de privacidad - Deler1857 | Pastisseria Artesanal\" \/>\n<meta property=\"og:description\" content=\"Qui\u00e9nes somos Nuestra direcci\u00f3n web es: http:\/\/deler1857.com Nuestros datos: Braulio el Xef, SL B-25860727 C. Bonaventura Tarrado, 9. 25560 Sort-Lleida Cookies Para el uso de algunas funcionalidades de la web es necesaria la utilizaci\u00f3n de cookies. Las cookies se usan para a\u00f1adir productos a la cesta y as\u00ed poder realizar la compra. Tambi\u00e9n se utilizan &hellip; Read More &quot;Pol\u00edtica de privacidad&quot;\" \/>\n<meta property=\"og:url\" content=\"https:\/\/deler1857.com\/es\/politica-de-privacidad\/\" \/>\n<meta property=\"og:site_name\" content=\"Deler1857 | Pastisseria Artesanal\" \/>\n<meta property=\"article:modified_time\" content=\"2022-09-17T14:44:22+00:00\" \/>\n<meta name=\"twitter:card\" content=\"summary_large_image\" \/>\n<meta name=\"twitter:label1\" content=\"Tiempo de lectura\" \/>\n\t<meta name=\"twitter:data1\" content=\"4 minutos\" \/>\n<script type=\"application\/ld+json\" class=\"yoast-schema-graph\">{\"@context\":\"https:\/\/schema.org\",\"@graph\":[{\"@type\":\"WebPage\",\"@id\":\"https:\/\/deler1857.com\/es\/politica-de-privacidad\/\",\"url\":\"https:\/\/deler1857.com\/es\/politica-de-privacidad\/\",\"name\":\"Pol\u00edtica de privacidad - Deler1857 | Pastisseria Artesanal\",\"isPartOf\":{\"@id\":\"https:\/\/deler1857.com\/es\/#website\"},\"datePublished\":\"2022-07-20T12:44:35+00:00\",\"dateModified\":\"2022-09-17T14:44:22+00:00\",\"breadcrumb\":{\"@id\":\"https:\/\/deler1857.com\/es\/politica-de-privacidad\/#breadcrumb\"},\"inLanguage\":\"es\",\"potentialAction\":[{\"@type\":\"ReadAction\",\"target\":[\"https:\/\/deler1857.com\/es\/politica-de-privacidad\/\"]}]},{\"@type\":\"BreadcrumbList\",\"@id\":\"https:\/\/deler1857.com\/es\/politica-de-privacidad\/#breadcrumb\",\"itemListElement\":[{\"@type\":\"ListItem\",\"position\":1,\"name\":\"Home\",\"item\":\"https:\/\/deler1857.com\/es\/\"},{\"@type\":\"ListItem\",\"position\":2,\"name\":\"Pol\u00edtica de privacidad\"}]},{\"@type\":\"WebSite\",\"@id\":\"https:\/\/deler1857.com\/es\/#website\",\"url\":\"https:\/\/deler1857.com\/es\/\",\"name\":\"Deler1857 | Pastisseria Artesanal\",\"description\":\"Us oferim l&#039;ess\u00e8ncia dels Pirineus. Mat\u00e8ries primeres i de proximitat a Sort, el Pallars, Lleida.\",\"publisher\":{\"@id\":\"https:\/\/deler1857.com\/es\/#organization\"},\"potentialAction\":[{\"@type\":\"SearchAction\",\"target\":{\"@type\":\"EntryPoint\",\"urlTemplate\":\"https:\/\/deler1857.com\/es\/?s={search_term_string}\"},\"query-input\":{\"@type\":\"PropertyValueSpecification\",\"valueRequired\":true,\"valueName\":\"search_term_string\"}}],\"inLanguage\":\"es\"},{\"@type\":\"Organization\",\"@id\":\"https:\/\/deler1857.com\/es\/#organization\",\"name\":\"Deler1857 | Pastisseria Artesanal\",\"url\":\"https:\/\/deler1857.com\/es\/\",\"logo\":{\"@type\":\"ImageObject\",\"inLanguage\":\"es\",\"@id\":\"https:\/\/deler1857.com\/es\/#\/schema\/logo\/image\/\",\"url\":\"https:\/\/deler1857.com\/wp-content\/uploads\/2020\/09\/Deler1857.svg\",\"contentUrl\":\"https:\/\/deler1857.com\/wp-content\/uploads\/2020\/09\/Deler1857.svg\",\"caption\":\"Deler1857 | Pastisseria Artesanal\"},\"image\":{\"@id\":\"https:\/\/deler1857.com\/es\/#\/schema\/logo\/image\/\"}}]}<\/script>\n<!-- \/ Yoast SEO plugin. -->","yoast_head_json":{"title":"Pol\u00edtica de privacidad - Deler1857 | Pastisseria Artesanal","robots":{"index":"index","follow":"follow","max-snippet":"max-snippet:-1","max-image-preview":"max-image-preview:large","max-video-preview":"max-video-preview:-1"},"canonical":"https:\/\/deler1857.com\/es\/politica-de-privacidad\/","og_locale":"es_ES","og_type":"article","og_title":"Pol\u00edtica de privacidad - Deler1857 | Pastisseria Artesanal","og_description":"Qui\u00e9nes somos Nuestra direcci\u00f3n web es: http:\/\/deler1857.com Nuestros datos: Braulio el Xef, SL B-25860727 C. Bonaventura Tarrado, 9. 25560 Sort-Lleida Cookies Para el uso de algunas funcionalidades de la web es necesaria la utilizaci\u00f3n de cookies. Las cookies se usan para a\u00f1adir productos a la cesta y as\u00ed poder realizar la compra. Tambi\u00e9n se utilizan &hellip; Read More \"Pol\u00edtica de privacidad\"","og_url":"https:\/\/deler1857.com\/es\/politica-de-privacidad\/","og_site_name":"Deler1857 | Pastisseria Artesanal","article_modified_time":"2022-09-17T14:44:22+00:00","twitter_card":"summary_large_image","twitter_misc":{"Tiempo de lectura":"4 minutos"},"schema":{"@context":"https:\/\/schema.org","@graph":[{"@type":"WebPage","@id":"https:\/\/deler1857.com\/es\/politica-de-privacidad\/","url":"https:\/\/deler1857.com\/es\/politica-de-privacidad\/","name":"Pol\u00edtica de privacidad - Deler1857 | Pastisseria Artesanal","isPartOf":{"@id":"https:\/\/deler1857.com\/es\/#website"},"datePublished":"2022-07-20T12:44:35+00:00","dateModified":"2022-09-17T14:44:22+00:00","breadcrumb":{"@id":"https:\/\/deler1857.com\/es\/politica-de-privacidad\/#breadcrumb"},"inLanguage":"es","potentialAction":[{"@type":"ReadAction","target":["https:\/\/deler1857.com\/es\/politica-de-privacidad\/"]}]},{"@type":"BreadcrumbList","@id":"https:\/\/deler1857.com\/es\/politica-de-privacidad\/#breadcrumb","itemListElement":[{"@type":"ListItem","position":1,"name":"Home","item":"https:\/\/deler1857.com\/es\/"},{"@type":"ListItem","position":2,"name":"Pol\u00edtica de privacidad"}]},{"@type":"WebSite","@id":"https:\/\/deler1857.com\/es\/#website","url":"https:\/\/deler1857.com\/es\/","name":"Deler1857 | Pastisseria Artesanal","description":"Us oferim l&#039;ess\u00e8ncia dels Pirineus. Mat\u00e8ries primeres i de proximitat a Sort, el Pallars, Lleida.","publisher":{"@id":"https:\/\/deler1857.com\/es\/#organization"},"potentialAction":[{"@type":"SearchAction","target":{"@type":"EntryPoint","urlTemplate":"https:\/\/deler1857.com\/es\/?s={search_term_string}"},"query-input":{"@type":"PropertyValueSpecification","valueRequired":true,"valueName":"search_term_string"}}],"inLanguage":"es"},{"@type":"Organization","@id":"https:\/\/deler1857.com\/es\/#organization","name":"Deler1857 | Pastisseria Artesanal","url":"https:\/\/deler1857.com\/es\/","logo":{"@type":"ImageObject","inLanguage":"es","@id":"https:\/\/deler1857.com\/es\/#\/schema\/logo\/image\/","url":"https:\/\/deler1857.com\/wp-content\/uploads\/2020\/09\/Deler1857.svg","contentUrl":"https:\/\/deler1857.com\/wp-content\/uploads\/2020\/09\/Deler1857.svg","caption":"Deler1857 | Pastisseria Artesanal"},"image":{"@id":"https:\/\/deler1857.com\/es\/#\/schema\/logo\/image\/"}}]}},"_links":{"self":[{"href":"https:\/\/deler1857.com\/es\/wp-json\/wp\/v2\/pages\/5979"}],"collection":[{"href":"https:\/\/deler1857.com\/es\/wp-json\/wp\/v2\/pages"}],"about":[{"href":"https:\/\/deler1857.com\/es\/wp-json\/wp\/v2\/types\/page"}],"author":[{"embeddable":true,"href":"https:\/\/deler1857.com\/es\/wp-json\/wp\/v2\/users\/3"}],"replies":[{"embeddable":true,"href":"https:\/\/deler1857.com\/es\/wp-json\/wp\/v2\/comments?post=5979"}],"version-history":[{"count":10,"href":"https:\/\/deler1857.com\/es\/wp-json\/wp\/v2\/pages\/5979\/revisions"}],"predecessor-version":[{"id":6512,"href":"https:\/\/deler1857.com\/es\/wp-json\/wp\/v2\/pages\/5979\/revisions\/6512"}],"wp:attachment":[{"href":"https:\/\/deler1857.com\/es\/wp-json\/wp\/v2\/media?parent=5979"}],"curies":[{"name":"wp","href":"https:\/\/api.w.org\/{rel}","templated":true}]}}